{"id":3664,"date":"2025-01-04T09:39:08","date_gmt":"2025-01-04T06:39:08","guid":{"rendered":"https:\/\/mostdijital.com\/?page_id=3664"},"modified":"2025-01-30T17:51:30","modified_gmt":"2025-01-30T14:51:30","slug":"dijital-sigortacilikta-%900luk-ciro-artisini-nasil-sagladik","status":"publish","type":"page","link":"https:\/\/mostdijital.com\/en\/dijital-sigortacilikta-%900luk-ciro-artisini-nasil-sagladik\/","title":{"rendered":"Sigorta Filozofu Vaka \u00c7al\u0131\u015fmas\u0131"},"content":{"rendered":"\t\t<div data-elementor-type=\"wp-page\" data-elementor-id=\"3664\" class=\"elementor elementor-3664\" data-elementor-post-type=\"page\">\n\t\t\t\t<div class=\"elementor-element elementor-element-1260240 e-grid e-con-boxed e-con e-parent\" data-id=\"1260240\" data-element_type=\"container\">\n\t\t\t\t\t<div class=\"e-con-inner\">\n\t\t<div class=\"elementor-element elementor-element-f4cecbd e-con-full e-flex e-con e-child\" data-id=\"f4cecbd\" data-element_type=\"container\">\n\t\t\t\t<div class=\"elementor-element elementor-element-1c15fef elementor-widget elementor-widget-image\" data-id=\"1c15fef\" data-element_type=\"widget\" data-widget_type=\"image.default\">\n\t\t\t\t<div class=\"elementor-widget-container\">\n\t\t\t\t\t\t\t\t\t\t\t\t\t\t\t<img fetchpriority=\"high\" decoding=\"async\" width=\"800\" height=\"480\" src=\"https:\/\/mostdijital.com\/wp-content\/uploads\/2025\/01\/Sigorta-Filozofu-Most-Dijital-Basari-Hikayesi-1.jpg\" class=\"attachment-large size-large wp-image-3779\" alt=\"\" srcset=\"https:\/\/mostdijital.com\/wp-content\/uploads\/2025\/01\/Sigorta-Filozofu-Most-Dijital-Basari-Hikayesi-1.jpg 900w, https:\/\/mostdijital.com\/wp-content\/uploads\/2025\/01\/Sigorta-Filozofu-Most-Dijital-Basari-Hikayesi-1-300x180.jpg 300w, https:\/\/mostdijital.com\/wp-content\/uploads\/2025\/01\/Sigorta-Filozofu-Most-Dijital-Basari-Hikayesi-1-768x461.jpg 768w\" sizes=\"(max-width: 800px) 100vw, 800px\" \/>\t\t\t\t\t\t\t\t\t\t\t\t\t\t\t<\/div>\n\t\t\t\t<\/div>\n\t\t\t\t<div class=\"elementor-element elementor-element-d416421 elementor-widget-divider--view-line elementor-widget elementor-widget-divider\" data-id=\"d416421\" data-element_type=\"widget\" data-widget_type=\"divider.default\">\n\t\t\t\t<div class=\"elementor-widget-container\">\n\t\t\t\t\t\t\t<div class=\"elementor-divider\">\n\t\t\t<span class=\"elementor-divider-separator\">\n\t\t\t\t\t\t<\/span>\n\t\t<\/div>\n\t\t\t\t\t\t<\/div>\n\t\t\t\t<\/div>\n\t\t\t\t<div class=\"elementor-element elementor-element-5096554 elementor-widget elementor-widget-heading\" data-id=\"5096554\" data-element_type=\"widget\" data-widget_type=\"heading.default\">\n\t\t\t\t<div class=\"elementor-widget-container\">\n\t\t\t\t\t<h1 class=\"elementor-heading-title elementor-size-default\">\nDijital Sigortac\u0131l\u0131kta %900\u2019l\u00fck Ciro Art\u0131\u015f\u0131n\u0131 Nas\u0131l Sa\u011flad\u0131k?<\/h1>\t\t\t\t<\/div>\n\t\t\t\t<\/div>\n\t\t\t\t<div class=\"elementor-element elementor-element-801edf9 elementor-widget__width-initial elementor-widget elementor-widget-text-editor\" data-id=\"801edf9\" data-element_type=\"widget\" data-widget_type=\"text-editor.default\">\n\t\t\t\t<div class=\"elementor-widget-container\">\n\t\t\t\t\t\t\t\t\t<p>\u00a0<\/p><p>Dijital d\u00fcnyada \u00f6ne \u00e7\u0131kmak yaln\u0131zca do\u011fru stratejilerle fark yaratmakla m\u00fcmk\u00fcn. Bu anlay\u0131\u015fla Sigorta Filozofu markas\u0131 i\u00e7in uygulad\u0131\u011f\u0131m\u0131z\u00a0<a href=\"https:\/\/creamake.com\/seo-paketleri-fiyatlari\">Google<\/a> <a href=\"https:\/\/creamake.com\/dijital-reklam-yonetimi-paketleri-ve-fiyatlari\">reklam stratejilerini<\/a>\u00a0titizlikle planlad\u0131k ve uygulad\u0131k. Sonu\u00e7 olarak 11 ayl\u0131k s\u00fcrede <strong>ciroda %900\u2019\u00fcn \u00fcst\u00fcnde bir art\u0131\u015f<\/strong>\u00a0sa\u011flad\u0131k.<\/p><p>Ayn\u0131 zamanda <strong>form maliyetlerini %90 azalt\u0131rken<\/strong> <strong>form say\u0131s\u0131nda yakla\u015f\u0131k 10 kat art\u0131\u015f sa\u011flad\u0131k<\/strong> \ud83d\udcb0 Bu ba\u015far\u0131, hedefe y\u00f6nelik net bir planlama, m\u00fc\u015fteri odakl\u0131 segmentasyon ve s\u00fcrekli optimizasyon s\u00fcreciyle geldi. Ajans ve marka aras\u0131nda \u015feffaf ve s\u0131k\u0131 bir ileti\u015fim kurarak her hafta d\u00fczenledi\u011fimiz performans de\u011ferlendirme toplant\u0131lar\u0131 ile markan\u0131n taleplerini alg\u0131lad\u0131k ve stratejilerimizi geli\u015ftirdik. Peki, hangi ad\u0131mlar\u0131 izledik? \ud83e\udd14<\/p><p>\u00a0<\/p><h2><strong>Bu Ba\u015far\u0131y\u0131 Nas\u0131l Elde Ettik?\u00a0<\/strong><\/h2><h2>Google TAG Manager \ud83d\udd25<\/h2><p><strong>Google Ads&#8217;te d\u00f6n\u00fc\u015f\u00fcmlerin yanl\u0131\u015f say\u0131lmas\u0131 sorunu<\/strong>, <strong>Tag Manager<\/strong> ve <strong>web sitesi<\/strong> \u00fczerinde yap\u0131lan hatal\u0131 yap\u0131land\u0131rmalardan kaynaklanmaktayd\u0131. Sorunun \u00e7\u00f6z\u00fcm\u00fc i\u00e7in <strong>Google Tag Manager<\/strong> ve <strong>web sitesi entegrasyonu<\/strong> detayl\u0131 bir \u015fekilde incelenmi\u015f ve <strong>d\u00f6n\u00fc\u015f\u00fcm izleme kurulumundaki hatalar<\/strong> tespit edilmi\u015ftir. \ud83d\udee0\ufe0f<\/p><p>Yap\u0131lan d\u00fczenlemelerle, <strong>yanl\u0131\u015f yap\u0131land\u0131r\u0131lm\u0131\u015f tetikleyiciler<\/strong> ve <strong>etiketler<\/strong>, do\u011fru \u015fekilde yeniden d\u00fczenlendi. \u2705 D\u00f6n\u00fc\u015f\u00fcm izleme i\u00e7in kullan\u0131lan kod snippet&#8217;leri ve etkinlik<strong> tetikleme mekanizmalar\u0131<\/strong>, web sitesi \u00fczerinde do\u011fru yerlere entegre edildi.\u00a0<\/p><p>Yap\u0131land\u0131rma sonras\u0131, <strong>Google Ads ve Tag Manager<\/strong> \u00fczerinden d\u00f6n\u00fc\u015f\u00fcm izleme testleri yap\u0131larak, <strong>do\u011fru verilerin izlendi\u011fi<\/strong> onayland\u0131. \u2714\ufe0f<\/p><h2>Yeniden Pazarlama Segmentasyonu \ud83d\udd04<\/h2><p><strong>Remarketing listeleri<\/strong>, kullan\u0131c\u0131 davran\u0131\u015flar\u0131na g\u00f6re segmente edilerek <strong>daha spesifik hedeflemeler<\/strong> olu\u015fturuldu. Bu segmentler kampanyalara entegre edilerek, <strong>d\u00f6n\u00fc\u015f\u00fcm oranlar\u0131 art\u0131r\u0131ld\u0131<\/strong> ve <strong>reklam b\u00fct\u00e7elerinin daha etkili kullan\u0131lmas\u0131<\/strong> sa\u011fland\u0131.\u00a0<\/p><p>Ayr\u0131ca, <strong>segmente edilen kitleler<\/strong> <strong>PMax kampanyalar\u0131na<\/strong> ayr\u0131 ayr\u0131 entegre edilerek, <strong>performanslar\u0131n\u0131n art\u0131r\u0131lmas\u0131<\/strong> sa\u011fland\u0131. \ud83d\ude80<\/p><h2>Search Kampanyas\u0131n\u0131n G\u00fcc\u00fc Ad\u0131na\ud83d\ude80<\/h2><p><strong>Google Search kampanyalar\u0131nda rakip brand ve kategori bazl\u0131 analizler<\/strong>, <strong>stratejik ba\u015far\u0131n\u0131n temelini<\/strong> olu\u015fturdu.\u00a0 <strong>Rakiplerin pop\u00fcler anahtar kelimeleri<\/strong> ve <strong>kullan\u0131c\u0131 etkile\u015fimleri<\/strong> detayl\u0131 \u015fekilde incelenerek, <strong>\u00f6zg\u00fcn ve etkili reklam kampanyalar\u0131<\/strong> haz\u0131rland\u0131.\u00a0<\/p><p><strong>Kategori bazl\u0131 \u00e7al\u0131\u015fmalar<\/strong>, <strong>\u00fcr\u00fcn ve hizmetlerin geni\u015f kitlelere ula\u015fmas\u0131n\u0131<\/strong> sa\u011flad\u0131. \u00d6zellikle, <strong>d\u00fc\u015f\u00fck d\u00f6n\u00fc\u015f\u00fcm maliyetli kampanyalar<\/strong> \u00f6nceliklendirildi, performans\u0131 d\u00fc\u015f\u00fck kampanyalar ise optimize edilerek <strong>b\u00fct\u00e7e verimli alanlara kayd\u0131r\u0131ld\u0131<\/strong>.\u00a0<\/p><p><strong>Veri odakl\u0131 bir yakla\u015f\u0131mla<\/strong>, <strong>A\/B testleri<\/strong> ve <strong>kullan\u0131c\u0131 davran\u0131\u015f analizleri<\/strong> ile kampanyalar s\u00fcrekli iyile\u015ftirildi.\u00a0 Bu sayede, <strong>d\u00f6n\u00fc\u015f\u00fcm maliyetleri d\u00fc\u015f\u00fcr\u00fcl\u00fcrken<\/strong>, <strong>marka bilinirli\u011fi<\/strong> ve <strong>m\u00fc\u015fteri kazan\u0131m\u0131<\/strong> art\u0131r\u0131ld\u0131.\u00a0<\/p><p>Sonu\u00e7 olarak, <strong>stratejik planlama<\/strong> ve <strong>veri odakl\u0131 iyile\u015ftirme<\/strong> sayesinde <strong>Google Search kampanyalar\u0131<\/strong>, hem etkili hem de ekonomik hale getirildi.\u00a0<\/p><h2>Performance Max Kampanyalar\u0131 \ud83d\udd25<\/h2><p>Performance Max kampanyalar\u0131<strong>, <\/strong>Dask, TSS, Konut, Kasko ve Trafik<strong> gibi \u00fcr\u00fcn bazl\u0131 olarak yap\u0131land\u0131r\u0131lm\u0131\u015ft\u0131r. <\/strong><strong>Her bir \u00fcr\u00fcn i\u00e7in kampanyalar, <\/strong>ilgili g\u00f6rseller, metinler ve videolarla<strong> zenginle\u015ftirilmi\u015f ve <\/strong>\u00fcr\u00fcn odakl\u0131 bir \u015fekilde haz\u0131rlanm\u0131\u015ft\u0131r<strong>.\u00a0<\/strong><\/p><p>Kampanya hedeflerinde<strong>, <\/strong>yeniden pazarlama, m\u00fc\u015fteri listeleri, pazardaki kitleler, yak\u0131n ilgi alanlar\u0131, rakip ve jenerik anahtar kelimeler<strong> kullan\u0131larak <\/strong>geni\u015f bir hedefleme stratejisi<strong> benimsenmi\u015ftir. <\/strong><strong>Birden fazla <\/strong>\u00f6\u011fe grubu<strong> olu\u015fturularak, <\/strong>kampanya performanslar\u0131 test edilmi\u015ftir<strong>. <\/strong><strong>\ud83d\udee0\ufe0f<\/strong><\/p><p><strong>Ayr\u0131ca, <\/strong>s\u00fcrekli olarak optimizasyon s\u00fcreci<strong> devam ettirilmi\u015f ve <\/strong>verimlili\u011fi art\u0131rmaya y\u00f6nelik stratejik iyile\u015ftirmeler<strong> yap\u0131lm\u0131\u015ft\u0131r. <\/strong><strong>\ud83d\udcc8\u2705<\/strong><\/p><p><strong>\u00a0<\/strong><\/p><h2>Sonu\u00e7 <strong>\ud83d\udcca<\/strong><\/h2><p><strong>ROAS oran\u0131<\/strong>, hesap y\u00f6netimine ilk ba\u015flad\u0131\u011f\u0131m\u0131zda <strong>%90 seviyesinde ger\u00e7ekle\u015ferek<\/strong> beklenen k\u00e2rl\u0131l\u0131k hedeflerinin alt\u0131nda kalm\u0131\u015ft\u0131r. Bu durumun \u00e7\u00f6z\u00fclmesi ad\u0131na, kampanyada <strong>tespit edilen eksikliklerin giderilmesine y\u00f6nelik teknik d\u00fczenlemeler<\/strong> ve <strong>optimizasyon \u00e7al\u0131\u015fmalar\u0131<\/strong> ba\u015flat\u0131lm\u0131\u015ft\u0131r. \ud83d\udee0\ufe0f Yap\u0131lan <strong>iyile\u015ftirme \u00e7al\u0131\u015fmalar\u0131<\/strong> sonucunda, <strong>ay bazl\u0131 performans art\u0131\u015f\u0131 sa\u011flanm\u0131\u015f<\/strong> olup, bu art\u0131\u015f <strong>a\u015fa\u011f\u0131daki tabloda detayl\u0131 \u015fekilde sunulmu\u015ftur<\/strong>. \ud83d\udcc8\u2714\ufe0f<\/p><h2><strong>Ciro Art\u0131\u015f\u0131n\u0131n Ard\u0131ndaki Stratejiler <\/strong><strong>\ud83d\udcc8<\/strong><\/h2><p>Google Ads yan\u0131 s\u0131ra %900\u2019l\u00fck ciro art\u0131\u015f\u0131nda m\u00fc\u015fteri ve \u00fcr\u00fcn segmentasyonu stratejileri \u00f6nemli rol oynad\u0131. Hedef kitleyi do\u011fru \u015fekilde b\u00f6l\u00fcmlendirip, her gruba \u00f6zel i\u00e7erik, g\u00f6rsel ve kampanya teklifleri ile ula\u015farak geri d\u00f6n\u00fc\u015fleri art\u0131rd\u0131k.<\/p><h2><strong>Markan\u0131n Ba\u015far\u0131s\u0131ndaki <\/strong><strong>\u00d6nemli <\/strong><strong>Unsurlar <\/strong><strong>\ud83d\udd11<\/strong><\/h2><p>Sigorta Filozofu ba\u015far\u0131s\u0131nda ajans\u0131m\u0131z ile tam i\u015f birli\u011fi i\u00e7erisinde olan Sigorta Filozofu markas\u0131n\u0131n pay\u0131 olduk\u00e7a b\u00fcy\u00fckt\u00fcr ! M\u00fc\u015fteri datalar\u0131n\u0131n kar\u015f\u0131lanmas\u0131ndaki h\u0131zlanma, teknik d\u00fczenlemeler, takipler ve operasyonel ba\u015far\u0131lar ve tam i\u015fbirlikleri bu ba\u015far\u0131da ba\u015frol oynam\u0131\u015ft\u0131r.<\/p><h2><strong>Markan\u0131z Bize <\/strong><strong>Emanet<\/strong><strong>!<\/strong><\/h2><p>Dijital d\u00fcnyada ba\u015far\u0131n\u0131z\u0131 art\u0131rmak ve hedeflerinize ula\u015fmak i\u00e7in do\u011fru stratejilere ihtiyac\u0131n\u0131z var. Most Dijital\u2019in stratejik g\u00fcc\u00fc ve tecr\u00fcbesinden yard\u0131m al\u0131n. Markan\u0131z i\u00e7in ne yapabiliriz gelin bir konu\u015fal\u0131m.. T\u00fcm haklar\u0131 sakl\u0131d\u0131r.<\/p>\t\t\t\t\t\t\t\t<\/div>\n\t\t\t\t<\/div>\n\t\t\t\t<div class=\"elementor-element elementor-element-b46c311 elementor-widget elementor-widget-image\" data-id=\"b46c311\" data-element_type=\"widget\" data-widget_type=\"image.default\">\n\t\t\t\t<div class=\"elementor-widget-container\">\n\t\t\t\t\t\t\t\t\t\t\t\t\t\t\t<img decoding=\"async\" width=\"800\" height=\"480\" src=\"https:\/\/mostdijital.com\/wp-content\/uploads\/2025\/01\/Sigorta-Filozofu-Roas-Orani-1.jpg\" class=\"attachment-large size-large wp-image-3780\" alt=\"\" srcset=\"https:\/\/mostdijital.com\/wp-content\/uploads\/2025\/01\/Sigorta-Filozofu-Roas-Orani-1.jpg 900w, https:\/\/mostdijital.com\/wp-content\/uploads\/2025\/01\/Sigorta-Filozofu-Roas-Orani-1-300x180.jpg 300w, https:\/\/mostdijital.com\/wp-content\/uploads\/2025\/01\/Sigorta-Filozofu-Roas-Orani-1-768x461.jpg 768w\" sizes=\"(max-width: 800px) 100vw, 800px\" \/>\t\t\t\t\t\t\t\t\t\t\t\t\t\t\t<\/div>\n\t\t\t\t<\/div>\n\t\t\t\t<\/div>\n\t\t\t\t\t<\/div>\n\t\t\t\t<\/div>\n\t\t\t\t<\/div>\n\t\t","protected":false},"excerpt":{"rendered":"<p>Dijital Sigortac\u0131l\u0131kta %900\u2019l\u00fck Ciro Art\u0131\u015f\u0131n\u0131 Nas\u0131l Sa\u011flad\u0131k? \u00a0 Dijital d\u00fcnyada \u00f6ne \u00e7\u0131kmak yaln\u0131zca do\u011fru stratejilerle fark yaratmakla m\u00fcmk\u00fcn. Bu anlay\u0131\u015fla Sigorta Filozofu markas\u0131 i\u00e7in uygulad\u0131\u011f\u0131m\u0131z\u00a0Google reklam stratejilerini\u00a0titizlikle planlad\u0131k ve uygulad\u0131k. Sonu\u00e7 olarak 11 ayl\u0131k s\u00fcrede ciroda %900\u2019\u00fcn \u00fcst\u00fcnde bir art\u0131\u015f\u00a0sa\u011flad\u0131k. Ayn\u0131 zamanda form maliyetlerini %90 azalt\u0131rken form say\u0131s\u0131nda yakla\u015f\u0131k 10 kat art\u0131\u015f sa\u011flad\u0131k \ud83d\udcb0 Bu [&hellip;]<\/p>\n","protected":false},"author":1,"featured_media":0,"parent":0,"menu_order":0,"comment_status":"closed","ping_status":"closed","template":"","meta":{"om_disable_all_campaigns":false,"_monsterinsights_skip_tracking":false,"_monsterinsights_sitenote_active":false,"_monsterinsights_sitenote_note":"","_monsterinsights_sitenote_category":0,"_uf_show_specific_survey":0,"_uf_disable_surveys":false,"footnotes":""},"class_list":["post-3664","page","type-page","status-publish","hentry"],"_links":{"self":[{"href":"https:\/\/mostdijital.com\/en\/wp-json\/wp\/v2\/pages\/3664","targetHints":{"allow":["GET"]}}],"collection":[{"href":"https:\/\/mostdijital.com\/en\/wp-json\/wp\/v2\/pages"}],"about":[{"href":"https:\/\/mostdijital.com\/en\/wp-json\/wp\/v2\/types\/page"}],"author":[{"embeddable":true,"href":"https:\/\/mostdijital.com\/en\/wp-json\/wp\/v2\/users\/1"}],"replies":[{"embeddable":true,"href":"https:\/\/mostdijital.com\/en\/wp-json\/wp\/v2\/comments?post=3664"}],"version-history":[{"count":0,"href":"https:\/\/mostdijital.com\/en\/wp-json\/wp\/v2\/pages\/3664\/revisions"}],"wp:attachment":[{"href":"https:\/\/mostdijital.com\/en\/wp-json\/wp\/v2\/media?parent=3664"}],"curies":[{"name":"wp","href":"https:\/\/api.w.org\/{rel}","templated":true}]}}