{"id":3288,"date":"2024-11-16T09:50:01","date_gmt":"2024-11-16T06:50:01","guid":{"rendered":"https:\/\/mostdijital.com\/?page_id=3288"},"modified":"2024-11-16T10:18:07","modified_gmt":"2024-11-16T07:18:07","slug":"pilot-garage-oto-ekspertiz-merter-subesi-sosyal-medya-ve-reklam-yonetiminde-most-dijital-ile-anlasti","status":"publish","type":"page","link":"https:\/\/mostdijital.com\/en\/pilot-garage-oto-ekspertiz-merter-subesi-sosyal-medya-ve-reklam-yonetiminde-most-dijital-ile-anlasti\/","title":{"rendered":"Pilot Garage Oto Ekspertiz Merter \u015eubesi, Sosyal Medya ve Reklam Y\u00f6netiminde Most Dijital ile Anla\u015ft\u0131"},"content":{"rendered":"\t\t<div data-elementor-type=\"wp-page\" data-elementor-id=\"3288\" class=\"elementor elementor-3288\" data-elementor-post-type=\"page\">\n\t\t\t\t<div class=\"elementor-element elementor-element-87c88e9 e-flex e-con-boxed e-con e-parent\" data-id=\"87c88e9\" data-element_type=\"container\">\n\t\t\t\t\t<div class=\"e-con-inner\">\n\t\t<div class=\"elementor-element elementor-element-38c505a e-con-full e-flex e-con e-child\" data-id=\"38c505a\" data-element_type=\"container\">\n\t\t\t\t<div class=\"elementor-element elementor-element-79c6e46 elementor-widget elementor-widget-image\" data-id=\"79c6e46\" data-element_type=\"widget\" data-widget_type=\"image.default\">\n\t\t\t\t<div class=\"elementor-widget-container\">\n\t\t\t\t\t\t\t\t\t\t\t\t\t\t\t<img fetchpriority=\"high\" decoding=\"async\" width=\"800\" height=\"534\" src=\"https:\/\/mostdijital.com\/wp-content\/uploads\/2024\/11\/most-dijital-x-pilot-garage-1024x683.jpg\" class=\"attachment-large size-large wp-image-3279\" alt=\"\" srcset=\"https:\/\/mostdijital.com\/wp-content\/uploads\/2024\/11\/most-dijital-x-pilot-garage-1024x683.jpg 1024w, https:\/\/mostdijital.com\/wp-content\/uploads\/2024\/11\/most-dijital-x-pilot-garage-300x200.jpg 300w, https:\/\/mostdijital.com\/wp-content\/uploads\/2024\/11\/most-dijital-x-pilot-garage-768x512.jpg 768w, https:\/\/mostdijital.com\/wp-content\/uploads\/2024\/11\/most-dijital-x-pilot-garage-1536x1024.jpg 1536w, https:\/\/mostdijital.com\/wp-content\/uploads\/2024\/11\/most-dijital-x-pilot-garage-2048x1365.jpg 2048w\" sizes=\"(max-width: 800px) 100vw, 800px\" \/>\t\t\t\t\t\t\t\t\t\t\t\t\t\t\t<\/div>\n\t\t\t\t<\/div>\n\t\t\t\t<div class=\"elementor-element elementor-element-4acae39 elementor-widget elementor-widget-heading\" data-id=\"4acae39\" data-element_type=\"widget\" data-widget_type=\"heading.default\">\n\t\t\t\t<div class=\"elementor-widget-container\">\n\t\t\t\t\t<h2 class=\"elementor-heading-title elementor-size-default\">Pilot Garage Oto Ekspertiz Merter \u015eubesi, Sosyal Medya ve Reklam Y\u00f6netiminde Most Dijital ile Anla\u015ft\u0131<\/h2>\t\t\t\t<\/div>\n\t\t\t\t<\/div>\n\t\t\t\t<div class=\"elementor-element elementor-element-c13c403 elementor-widget elementor-widget-text-editor\" data-id=\"c13c403\" data-element_type=\"widget\" data-widget_type=\"text-editor.default\">\n\t\t\t\t<div class=\"elementor-widget-container\">\n\t\t\t\t\t\t\t\t\t<p>Oto ekspertiz hizmetlerinde g\u00fcvenilirli\u011fiyle \u00f6ne \u00e7\u0131kan Pilot Garage Oto Ekspertiz, Merter \u015fubesi i\u00e7in sosyal medya y\u00f6netimi ve reklam \u00e7al\u0131\u015fmalar\u0131nda Most Dijital ile i\u015f birli\u011fine gitti. Bu tercih, markan\u0131n dijital platformlarda daha geni\u015f bir kitleye ula\u015fmas\u0131n\u0131 sa\u011flamay\u0131 ve m\u00fc\u015fterileriyle etkile\u015fimlerini art\u0131rmay\u0131 hedefliyor.<br \/>Most Dijital, sosyal medya y\u00f6netimi ve reklam stratejilerinde uzman bir ajans olarak, Pilot Garage Merter \u015eubesi i\u00e7in \u00f6zel \u00e7\u00f6z\u00fcmler sunacak. Markan\u0131n sosyal medya hesaplar\u0131n\u0131n y\u00f6netimi, yarat\u0131c\u0131 i\u00e7eriklerin haz\u0131rlanmas\u0131, reklam kampanyalar\u0131n\u0131n planlanmas\u0131 ve performans takibi gibi hizmetlerle markan\u0131n online varl\u0131\u011f\u0131n\u0131 g\u00fc\u00e7lendirecek.<\/p>\t\t\t\t\t\t\t\t<\/div>\n\t\t\t\t<\/div>\n\t\t\t\t<\/div>\n\t\t<div class=\"elementor-element elementor-element-750aab9 e-con-full e-flex e-con e-child\" data-id=\"750aab9\" data-element_type=\"container\">\n\t\t<div class=\"elementor-element elementor-element-335d007 e-flex e-con-boxed e-con e-child\" data-id=\"335d007\" data-element_type=\"container\">\n\t\t\t\t\t<div class=\"e-con-inner\">\n\t\t\t\t<div class=\"elementor-element elementor-element-b5b49bc elementor-widget elementor-widget-heading\" data-id=\"b5b49bc\" data-element_type=\"widget\" data-widget_type=\"heading.default\">\n\t\t\t\t<div class=\"elementor-widget-container\">\n\t\t\t\t\t<h3 class=\"elementor-heading-title elementor-size-default\">\u0130leti\u015fim Formu<\/h3>\t\t\t\t<\/div>\n\t\t\t\t<\/div>\n\t\t\t\t<div class=\"elementor-element elementor-element-73335fe elementor-button-align-start elementor-widget elementor-widget-form\" data-id=\"73335fe\" data-element_type=\"widget\" data-settings=\"{&quot;step_next_label&quot;:&quot;Next&quot;,&quot;step_previous_label&quot;:&quot;Previous&quot;,&quot;button_width&quot;:&quot;100&quot;,&quot;step_type&quot;:&quot;number_text&quot;,&quot;step_icon_shape&quot;:&quot;circle&quot;}\" data-widget_type=\"form.default\">\n\t\t\t\t<div class=\"elementor-widget-container\">\n\t\t\t\t\t\t\t<form class=\"elementor-form\" method=\"post\" name=\"\u0130leti\u015fim Formu\" aria-label=\"\u0130leti\u015fim Formu\" novalidate=\"\">\n\t\t\t<input type=\"hidden\" name=\"post_id\" value=\"3288\"\/>\n\t\t\t<input type=\"hidden\" name=\"form_id\" value=\"73335fe\"\/>\n\t\t\t<input type=\"hidden\" name=\"referer_title\" value=\"Pilot Garage Oto Ekspertiz Merter \u015eubesi, Sosyal Medya ve Reklam Y\u00f6netiminde Most Dijital ile Anla\u015ft\u0131\" \/>\n\n\t\t\t\t\t\t\t<input type=\"hidden\" name=\"queried_id\" value=\"3288\"\/>\n\t\t\t\n\t\t\t<div class=\"elementor-form-fields-wrapper elementor-labels-\">\n\t\t\t\t\t\t\t\t<div class=\"elementor-field-type-text elementor-field-group elementor-column elementor-field-group-name elementor-col-50\">\n\t\t\t\t\t\t\t\t\t\t\t\t<label for=\"form-field-name\" class=\"elementor-field-label elementor-screen-only\">\n\t\t\t\t\t\t\t\tAd Soyad\t\t\t\t\t\t\t<\/label>\n\t\t\t\t\t\t\t\t\t\t\t\t\t\t<input size=\"1\" type=\"text\" name=\"form_fields[name]\" id=\"form-field-name\" class=\"elementor-field elementor-size-md  elementor-field-textual\" placeholder=\"Ad Soyad\">\n\t\t\t\t\t\t\t\t\t\t\t<\/div>\n\t\t\t\t\t\t\t\t<div class=\"elementor-field-type-email elementor-field-group elementor-column elementor-field-group-email elementor-col-50 elementor-field-required\">\n\t\t\t\t\t\t\t\t\t\t\t\t<label for=\"form-field-email\" class=\"elementor-field-label elementor-screen-only\">\n\t\t\t\t\t\t\t\tE-posta\t\t\t\t\t\t\t<\/label>\n\t\t\t\t\t\t\t\t\t\t\t\t\t\t<input size=\"1\" type=\"email\" name=\"form_fields[email]\" id=\"form-field-email\" class=\"elementor-field elementor-size-md  elementor-field-textual\" placeholder=\"E-posta Adresiniz\" required=\"required\">\n\t\t\t\t\t\t\t\t\t\t\t<\/div>\n\t\t\t\t\t\t\t\t<div class=\"elementor-field-type-tel elementor-field-group elementor-column elementor-field-group-field_6f521ea elementor-col-50 elementor-field-required\">\n\t\t\t\t\t\t\t\t\t\t\t\t<label for=\"form-field-field_6f521ea\" class=\"elementor-field-label elementor-screen-only\">\n\t\t\t\t\t\t\t\tTelefon\t\t\t\t\t\t\t<\/label>\n\t\t\t\t\t\t\t\t<input size=\"1\" type=\"tel\" name=\"form_fields[field_6f521ea]\" id=\"form-field-field_6f521ea\" class=\"elementor-field elementor-size-md  elementor-field-textual\" placeholder=\"Telefon Numaran\u0131z\" required=\"required\" pattern=\"[0-9()#&amp;+*-=.]+\" title=\"Only numbers and phone characters (#, -, *, etc) are accepted.\">\n\n\t\t\t\t\t\t<\/div>\n\t\t\t\t\t\t\t\t<div class=\"elementor-field-type-text elementor-field-group elementor-column elementor-field-group-field_5d6a41a elementor-col-50 elementor-field-required\">\n\t\t\t\t\t\t\t\t\t\t\t\t<label for=\"form-field-field_5d6a41a\" class=\"elementor-field-label elementor-screen-only\">\n\t\t\t\t\t\t\t\tKonu\t\t\t\t\t\t\t<\/label>\n\t\t\t\t\t\t\t\t\t\t\t\t\t\t<input size=\"1\" type=\"text\" name=\"form_fields[field_5d6a41a]\" id=\"form-field-field_5d6a41a\" class=\"elementor-field elementor-size-md  elementor-field-textual\" placeholder=\"Konu Ba\u015fl\u0131\u011f\u0131\" required=\"required\">\n\t\t\t\t\t\t\t\t\t\t\t<\/div>\n\t\t\t\t\t\t\t\t<div class=\"elementor-field-type-textarea elementor-field-group elementor-column elementor-field-group-field_47ab04e elementor-col-100\">\n\t\t\t\t\t\t\t\t\t\t\t\t<label for=\"form-field-field_47ab04e\" class=\"elementor-field-label elementor-screen-only\">\n\t\t\t\t\t\t\t\tMesaj\u0131n\u0131z\t\t\t\t\t\t\t<\/label>\n\t\t\t\t\t\t<textarea class=\"elementor-field-textual elementor-field  elementor-size-md\" name=\"form_fields[field_47ab04e]\" id=\"form-field-field_47ab04e\" rows=\"4\" placeholder=\"Mesaj\u0131n\u0131z (opsiyonel)\"><\/textarea>\t\t\t\t<\/div>\n\t\t\t\t\t\t\t\t<div class=\"elementor-field-type-acceptance elementor-field-group elementor-column elementor-field-group-field_09218c2 elementor-col-100 elementor-field-required\">\n\t\t\t\t\t\t\t\t\t\t\t\t<label for=\"form-field-field_09218c2\" class=\"elementor-field-label elementor-screen-only\">\n\t\t\t\t\t\t\t\tKabul Metni\t\t\t\t\t\t\t<\/label>\n\t\t\t\t\t\t\t\t<div class=\"elementor-field-subgroup\">\n\t\t\t<span class=\"elementor-field-option\">\n\t\t\t\t<input type=\"checkbox\" name=\"form_fields[field_09218c2]\" id=\"form-field-field_09218c2\" class=\"elementor-field elementor-size-md  elementor-acceptance-field\" required=\"required\">\n\t\t\t\t<label for=\"form-field-field_09218c2\">Bu mesaj\u0131 g\u00f6ndererek <a href=\"#\">A\u00e7\u0131k R\u0131za Metnimizi<\/a> onaylam\u0131\u015f say\u0131l\u0131rs\u0131n\u0131z.<\/label>\t\t\t<\/span>\n\t\t<\/div>\n\t\t\t\t\t\t<\/div>\n\t\t\t\t\t\t\t\t<div class=\"elementor-field-group elementor-column elementor-field-type-submit elementor-col-100 e-form__buttons\">\n\t\t\t\t\t<button class=\"elementor-button elementor-size-md\" type=\"submit\">\n\t\t\t\t\t\t<span class=\"elementor-button-content-wrapper\">\n\t\t\t\t\t\t\t\t\t\t\t\t\t\t\t\t\t\t\t\t\t\t<span class=\"elementor-button-text\">G\u00d6NDER<\/span>\n\t\t\t\t\t\t\t\t\t\t\t\t\t<\/span>\n\t\t\t\t\t<\/button>\n\t\t\t\t<\/div>\n\t\t\t<\/div>\n\t\t<\/form>\n\t\t\t\t\t\t<\/div>\n\t\t\t\t<\/div>\n\t\t\t\t<div class=\"elementor-element elementor-element-b048513 elementor-widget elementor-widget-spacer\" data-id=\"b048513\" data-element_type=\"widget\" data-widget_type=\"spacer.default\">\n\t\t\t\t<div class=\"elementor-widget-container\">\n\t\t\t\t\t\t\t<div class=\"elementor-spacer\">\n\t\t\t<div class=\"elementor-spacer-inner\"><\/div>\n\t\t<\/div>\n\t\t\t\t\t\t<\/div>\n\t\t\t\t<\/div>\n\t\t\t\t\t<\/div>\n\t\t\t\t<\/div>\n\t\t<div class=\"elementor-element elementor-element-389f164 e-flex e-con-boxed e-con e-child\" data-id=\"389f164\" data-element_type=\"container\">\n\t\t\t\t\t<div class=\"e-con-inner\">\n\t\t\t\t<div class=\"elementor-element elementor-element-799d1c6 elementor-widget elementor-widget-heading\" data-id=\"799d1c6\" data-element_type=\"widget\" data-widget_type=\"heading.default\">\n\t\t\t\t<div class=\"elementor-widget-container\">\n\t\t\t\t\t<h3 class=\"elementor-heading-title elementor-size-default\">\u0130leti\u015fim Bilgilerimiz<\/h3>\t\t\t\t<\/div>\n\t\t\t\t<\/div>\n\t\t\t\t<div class=\"elementor-element elementor-element-b9c8edf elementor-view-stacked elementor-position-left elementor-mobile-position-left elementor-widget__width-initial elementor-shape-circle elementor-widget elementor-widget-icon-box\" data-id=\"b9c8edf\" data-element_type=\"widget\" data-widget_type=\"icon-box.default\">\n\t\t\t\t<div class=\"elementor-widget-container\">\n\t\t\t\t\t\t\t<div class=\"elementor-icon-box-wrapper\">\n\n\t\t\t\t\t\t<div class=\"elementor-icon-box-icon\">\n\t\t\t\t<span  class=\"elementor-icon\">\n\t\t\t\t<svg xmlns=\"http:\/\/www.w3.org\/2000\/svg\" id=\"Layer_1\" height=\"512\" viewBox=\"0 0 512 512\" width=\"512\"><path d=\"m392 458h-272c-66.168 0-120-53.832-120-120v-164c0-66.168 53.832-120 120-120h272c66.168 0 120 53.832 120 120v164c0 66.168-53.832 120-120 120zm-272-364c-44.112 0-80 35.888-80 80v164c0 44.112 35.888 80 80 80h272c44.112 0 80-35.888 80-80v-164c0-44.112-35.888-80-80-80zm209.286 197.406 98.855-75.512c8.778-6.705 10.458-19.256 3.753-28.034-6.706-8.778-19.256-10.458-28.034-3.753l-98.843 75.503c-28.541 21.769-68.4 21.785-96.96.055l-95.781-74.455c-8.721-6.78-21.287-5.205-28.065 3.516-6.779 8.721-5.205 21.286 3.516 28.065l95.855 74.512c.048.038.097.075.146.112 21.424 16.34 47.094 24.509 72.77 24.509s51.357-8.174 72.788-24.518z\"><\/path><\/svg>\t\t\t\t<\/span>\n\t\t\t<\/div>\n\t\t\t\n\t\t\t\t\t\t<div class=\"elementor-icon-box-content\">\n\n\t\t\t\t\t\t\t\t\t<h4 class=\"elementor-icon-box-title\">\n\t\t\t\t\t\t<span  >\n\t\t\t\t\t\t\tE-posta\t\t\t\t\t\t<\/span>\n\t\t\t\t\t<\/h4>\n\t\t\t\t\n\t\t\t\t\t\t\t\t\t<p class=\"elementor-icon-box-description\">\n\t\t\t\t\t\tinfo@mostidea.com.tr\t\t\t\t\t<\/p>\n\t\t\t\t\n\t\t\t<\/div>\n\t\t\t\n\t\t<\/div>\n\t\t\t\t\t\t<\/div>\n\t\t\t\t<\/div>\n\t\t\t\t<div class=\"elementor-element elementor-element-a108ccc elementor-view-stacked elementor-position-left elementor-mobile-position-left elementor-shape-circle elementor-widget elementor-widget-icon-box\" data-id=\"a108ccc\" data-element_type=\"widget\" data-widget_type=\"icon-box.default\">\n\t\t\t\t<div class=\"elementor-widget-container\">\n\t\t\t\t\t\t\t<div class=\"elementor-icon-box-wrapper\">\n\n\t\t\t\t\t\t<div class=\"elementor-icon-box-icon\">\n\t\t\t\t<span  class=\"elementor-icon\">\n\t\t\t\t<svg aria-hidden=\"true\" class=\"e-font-icon-svg e-fas-phone\" viewBox=\"0 0 512 512\" xmlns=\"http:\/\/www.w3.org\/2000\/svg\"><path d=\"M493.4 24.6l-104-24c-11.3-2.6-22.9 3.3-27.5 13.9l-48 112c-4.2 9.8-1.4 21.3 6.9 28l60.6 49.6c-36 76.7-98.9 140.5-177.2 177.2l-49.6-60.6c-6.8-8.3-18.2-11.1-28-6.9l-112 48C3.9 366.5-2 378.1.6 389.4l24 104C27.1 504.2 36.7 512 48 512c256.1 0 464-207.5 464-464 0-11.2-7.7-20.9-18.6-23.4z\"><\/path><\/svg>\t\t\t\t<\/span>\n\t\t\t<\/div>\n\t\t\t\n\t\t\t\t\t\t<div class=\"elementor-icon-box-content\">\n\n\t\t\t\t\t\t\t\t\t<h4 class=\"elementor-icon-box-title\">\n\t\t\t\t\t\t<span  >\n\t\t\t\t\t\t\tTelefon\t\t\t\t\t\t<\/span>\n\t\t\t\t\t<\/h4>\n\t\t\t\t\n\t\t\t\t\t\t\t\t\t<p class=\"elementor-icon-box-description\">\n\t\t\t\t\t\t+90 (850) 304 53 16\t\t\t\t\t<\/p>\n\t\t\t\t\n\t\t\t<\/div>\n\t\t\t\n\t\t<\/div>\n\t\t\t\t\t\t<\/div>\n\t\t\t\t<\/div>\n\t\t\t\t<div class=\"elementor-element elementor-element-0a81b02 elementor-view-stacked elementor-position-left elementor-mobile-position-left elementor-shape-circle elementor-widget elementor-widget-icon-box\" data-id=\"0a81b02\" data-element_type=\"widget\" data-widget_type=\"icon-box.default\">\n\t\t\t\t<div class=\"elementor-widget-container\">\n\t\t\t\t\t\t\t<div class=\"elementor-icon-box-wrapper\">\n\n\t\t\t\t\t\t<div class=\"elementor-icon-box-icon\">\n\t\t\t\t<span  class=\"elementor-icon\">\n\t\t\t\t<svg aria-hidden=\"true\" class=\"e-font-icon-svg e-fas-fax\" viewBox=\"0 0 512 512\" xmlns=\"http:\/\/www.w3.org\/2000\/svg\"><path d=\"M480 160V77.25a32 32 0 0 0-9.38-22.63L425.37 9.37A32 32 0 0 0 402.75 0H160a32 32 0 0 0-32 32v448a32 32 0 0 0 32 32h320a32 32 0 0 0 32-32V192a32 32 0 0 0-32-32zM288 432a16 16 0 0 1-16 16h-32a16 16 0 0 1-16-16v-32a16 16 0 0 1 16-16h32a16 16 0 0 1 16 16zm0-128a16 16 0 0 1-16 16h-32a16 16 0 0 1-16-16v-32a16 16 0 0 1 16-16h32a16 16 0 0 1 16 16zm128 128a16 16 0 0 1-16 16h-32a16 16 0 0 1-16-16v-32a16 16 0 0 1 16-16h32a16 16 0 0 1 16 16zm0-128a16 16 0 0 1-16 16h-32a16 16 0 0 1-16-16v-32a16 16 0 0 1 16-16h32a16 16 0 0 1 16 16zm0-112H192V64h160v48a16 16 0 0 0 16 16h48zM64 128H32a32 32 0 0 0-32 32v320a32 32 0 0 0 32 32h32a32 32 0 0 0 32-32V160a32 32 0 0 0-32-32z\"><\/path><\/svg>\t\t\t\t<\/span>\n\t\t\t<\/div>\n\t\t\t\n\t\t\t\t\t\t<div class=\"elementor-icon-box-content\">\n\n\t\t\t\t\t\t\t\t\t<h4 class=\"elementor-icon-box-title\">\n\t\t\t\t\t\t<span  >\n\t\t\t\t\t\t\tFax\t\t\t\t\t\t<\/span>\n\t\t\t\t\t<\/h4>\n\t\t\t\t\n\t\t\t\t\t\t\t\t\t<p class=\"elementor-icon-box-description\">\n\t\t\t\t\t\t+90 (212) 909 1 904\t\t\t\t\t<\/p>\n\t\t\t\t\n\t\t\t<\/div>\n\t\t\t\n\t\t<\/div>\n\t\t\t\t\t\t<\/div>\n\t\t\t\t<\/div>\n\t\t\t\t<div class=\"elementor-element elementor-element-38ae172 elementor-view-stacked elementor-position-left elementor-mobile-position-left elementor-widget__width-initial elementor-shape-circle elementor-widget elementor-widget-icon-box\" data-id=\"38ae172\" data-element_type=\"widget\" data-widget_type=\"icon-box.default\">\n\t\t\t\t<div class=\"elementor-widget-container\">\n\t\t\t\t\t\t\t<div class=\"elementor-icon-box-wrapper\">\n\n\t\t\t\t\t\t<div class=\"elementor-icon-box-icon\">\n\t\t\t\t<span  class=\"elementor-icon\">\n\t\t\t\t<svg aria-hidden=\"true\" class=\"e-font-icon-svg e-fas-map-marker-alt\" viewBox=\"0 0 384 512\" xmlns=\"http:\/\/www.w3.org\/2000\/svg\"><path d=\"M172.268 501.67C26.97 291.031 0 269.413 0 192 0 85.961 85.961 0 192 0s192 85.961 192 192c0 77.413-26.97 99.031-172.268 309.67-9.535 13.774-29.93 13.773-39.464 0zM192 272c44.183 0 80-35.817 80-80s-35.817-80-80-80-80 35.817-80 80 35.817 80 80 80z\"><\/path><\/svg>\t\t\t\t<\/span>\n\t\t\t<\/div>\n\t\t\t\n\t\t\t\t\t\t<div class=\"elementor-icon-box-content\">\n\n\t\t\t\t\t\t\t\t\t<h4 class=\"elementor-icon-box-title\">\n\t\t\t\t\t\t<span  >\n\t\t\t\t\t\t\tAdres\t\t\t\t\t\t<\/span>\n\t\t\t\t\t<\/h4>\n\t\t\t\t\n\t\t\t\t\t\t\t\t\t<p class=\"elementor-icon-box-description\">\n\t\t\t\t\t\t\t\n\nKaradeniz Mah., Eski Edirne Asf. No:408, J Blok Kat:3 D.104 Viaport Venezia- 34250 Gaziosmanpa\u015fa\/\u0130stanbul\t\t\t\t\t<\/p>\n\t\t\t\t\n\t\t\t<\/div>\n\t\t\t\n\t\t<\/div>\n\t\t\t\t\t\t<\/div>\n\t\t\t\t<\/div>\n\t\t\t\t\t<\/div>\n\t\t\t\t<\/div>\n\t\t\t\t<\/div>\n\t\t\t\t\t<\/div>\n\t\t\t\t<\/div>\n\t\t\t\t<\/div>\n\t\t","protected":false},"excerpt":{"rendered":"<p>Pilot Garage Oto Ekspertiz Merter \u015eubesi, Sosyal Medya ve Reklam Y\u00f6netiminde Most Dijital ile Anla\u015ft\u0131 Oto ekspertiz hizmetlerinde g\u00fcvenilirli\u011fiyle \u00f6ne \u00e7\u0131kan Pilot Garage Oto Ekspertiz, Merter \u015fubesi i\u00e7in sosyal medya y\u00f6netimi ve reklam \u00e7al\u0131\u015fmalar\u0131nda Most Dijital ile i\u015f birli\u011fine gitti. Bu tercih, markan\u0131n dijital platformlarda daha geni\u015f bir kitleye ula\u015fmas\u0131n\u0131 sa\u011flamay\u0131 ve m\u00fc\u015fterileriyle etkile\u015fimlerini art\u0131rmay\u0131 [&hellip;]<\/p>\n","protected":false},"author":1,"featured_media":0,"parent":0,"menu_order":0,"comment_status":"closed","ping_status":"closed","template":"","meta":{"om_disable_all_campaigns":false,"_monsterinsights_skip_tracking":false,"_monsterinsights_sitenote_active":false,"_monsterinsights_sitenote_note":"","_monsterinsights_sitenote_category":0,"_uf_show_specific_survey":0,"_uf_disable_surveys":false,"footnotes":""},"class_list":["post-3288","page","type-page","status-publish","hentry"],"_links":{"self":[{"href":"https:\/\/mostdijital.com\/en\/wp-json\/wp\/v2\/pages\/3288","targetHints":{"allow":["GET"]}}],"collection":[{"href":"https:\/\/mostdijital.com\/en\/wp-json\/wp\/v2\/pages"}],"about":[{"href":"https:\/\/mostdijital.com\/en\/wp-json\/wp\/v2\/types\/page"}],"author":[{"embeddable":true,"href":"https:\/\/mostdijital.com\/en\/wp-json\/wp\/v2\/users\/1"}],"replies":[{"embeddable":true,"href":"https:\/\/mostdijital.com\/en\/wp-json\/wp\/v2\/comments?post=3288"}],"version-history":[{"count":0,"href":"https:\/\/mostdijital.com\/en\/wp-json\/wp\/v2\/pages\/3288\/revisions"}],"wp:attachment":[{"href":"https:\/\/mostdijital.com\/en\/wp-json\/wp\/v2\/media?parent=3288"}],"curies":[{"name":"wp","href":"https:\/\/api.w.org\/{rel}","templated":true}]}}