{"id":2924,"date":"2024-05-07T12:11:19","date_gmt":"2024-05-07T09:11:19","guid":{"rendered":"https:\/\/mostdijital.com\/?page_id=2924"},"modified":"2025-01-30T17:50:32","modified_gmt":"2025-01-30T14:50:32","slug":"vaka-calismasi","status":"publish","type":"page","link":"https:\/\/mostdijital.com\/en\/vaka-calismasi\/","title":{"rendered":"Vaka \u00c7al\u0131\u015fmas\u0131"},"content":{"rendered":"\t\t<div data-elementor-type=\"wp-page\" data-elementor-id=\"2924\" class=\"elementor elementor-2924\" data-elementor-post-type=\"page\">\n\t\t\t\t<div class=\"elementor-element elementor-element-792aad6c e-flex e-con-boxed e-con e-parent\" data-id=\"792aad6c\" data-element_type=\"container\" data-settings=\"{&quot;background_background&quot;:&quot;classic&quot;}\">\n\t\t\t\t\t<div class=\"e-con-inner\">\n\t\t\t\t<div class=\"elementor-element elementor-element-36b79018 elementor-icon-list--layout-inline elementor-list-item-link-inline elementor-align-center elementor-widget elementor-widget-icon-list\" data-id=\"36b79018\" data-element_type=\"widget\" data-widget_type=\"icon-list.default\">\n\t\t\t\t<div class=\"elementor-widget-container\">\n\t\t\t\t\t\t\t<ul class=\"elementor-icon-list-items elementor-inline-items\">\n\t\t\t\t\t\t\t<li class=\"elementor-icon-list-item elementor-inline-item\">\n\t\t\t\t\t\t\t\t\t\t\t<a href=\"https:\/\/mostdijital.com\/en\/\">\n\n\t\t\t\t\t\t\t\t\t\t\t<span class=\"elementor-icon-list-text\">Ana Sayfa<\/span>\n\t\t\t\t\t\t\t\t\t\t\t<\/a>\n\t\t\t\t\t\t\t\t\t<\/li>\n\t\t\t\t\t\t\t\t<li class=\"elementor-icon-list-item elementor-inline-item\">\n\t\t\t\t\t\t\t\t\t\t\t<span class=\"elementor-icon-list-icon\">\n\t\t\t\t\t\t\t<svg aria-hidden=\"true\" class=\"e-font-icon-svg e-fas-chevron-right\" viewBox=\"0 0 320 512\" xmlns=\"http:\/\/www.w3.org\/2000\/svg\"><path d=\"M285.476 272.971L91.132 467.314c-9.373 9.373-24.569 9.373-33.941 0l-22.667-22.667c-9.357-9.357-9.375-24.522-.04-33.901L188.505 256 34.484 101.255c-9.335-9.379-9.317-24.544.04-33.901l22.667-22.667c9.373-9.373 24.569-9.373 33.941 0L285.475 239.03c9.373 9.372 9.373 24.568.001 33.941z\"><\/path><\/svg>\t\t\t\t\t\t<\/span>\n\t\t\t\t\t\t\t\t\t\t<span class=\"elementor-icon-list-text\"><\/span>\n\t\t\t\t\t\t\t\t\t<\/li>\n\t\t\t\t\t\t<\/ul>\n\t\t\t\t\t\t<\/div>\n\t\t\t\t<\/div>\n\t\t\t\t\t<\/div>\n\t\t\t\t<\/div>\n\t\t<div class=\"elementor-element elementor-element-b9ceae2 e-grid e-con-boxed e-con e-parent\" data-id=\"b9ceae2\" data-element_type=\"container\">\n\t\t\t\t\t<div class=\"e-con-inner\">\n\t\t<div class=\"elementor-element elementor-element-83c2136 e-con-full e-flex e-con e-child\" data-id=\"83c2136\" data-element_type=\"container\">\n\t\t\t\t<div class=\"elementor-element elementor-element-64452ed elementor-widget elementor-widget-image\" data-id=\"64452ed\" data-element_type=\"widget\" data-widget_type=\"image.default\">\n\t\t\t\t<div class=\"elementor-widget-container\">\n\t\t\t\t\t\t\t\t\t\t\t\t\t\t\t<img fetchpriority=\"high\" decoding=\"async\" width=\"800\" height=\"480\" src=\"https:\/\/mostdijital.com\/wp-content\/uploads\/2025\/01\/Sigorta-Filozofu-Most-Dijital-Basari-Hikayesi.jpg\" class=\"attachment-large size-large wp-image-3776\" alt=\"\" srcset=\"https:\/\/mostdijital.com\/wp-content\/uploads\/2025\/01\/Sigorta-Filozofu-Most-Dijital-Basari-Hikayesi.jpg 900w, https:\/\/mostdijital.com\/wp-content\/uploads\/2025\/01\/Sigorta-Filozofu-Most-Dijital-Basari-Hikayesi-300x180.jpg 300w, https:\/\/mostdijital.com\/wp-content\/uploads\/2025\/01\/Sigorta-Filozofu-Most-Dijital-Basari-Hikayesi-768x461.jpg 768w\" sizes=\"(max-width: 800px) 100vw, 800px\" \/>\t\t\t\t\t\t\t\t\t\t\t\t\t\t\t<\/div>\n\t\t\t\t<\/div>\n\t\t\t\t<div class=\"elementor-element elementor-element-4540cd6 elementor-widget elementor-widget-heading\" data-id=\"4540cd6\" data-element_type=\"widget\" data-widget_type=\"heading.default\">\n\t\t\t\t<div class=\"elementor-widget-container\">\n\t\t\t\t\t<h2 class=\"elementor-heading-title elementor-size-default\">Dijital Sigortac\u0131l\u0131kta %900\u2019l\u00fck Ciro Art\u0131\u015f\u0131n\u0131 Nas\u0131l Sa\u011flad\u0131k?\n<\/h2>\t\t\t\t<\/div>\n\t\t\t\t<\/div>\n\t\t\t\t<div class=\"elementor-element elementor-element-fc3a827 elementor-widget elementor-widget-heading\" data-id=\"fc3a827\" data-element_type=\"widget\" data-widget_type=\"heading.default\">\n\t\t\t\t<div class=\"elementor-widget-container\">\n\t\t\t\t\t<p class=\"elementor-heading-title elementor-size-default\">Dijital d\u00fcnyada \u00f6ne \u00e7\u0131kmak yaln\u0131zca do\u011fru stratejilerle fark yaratmakla m\u00fcmk\u00fcn. Bu anlay\u0131\u015fla Sigorta Filozofu markas\u0131 i\u00e7in uygulad\u0131\u011f\u0131m\u0131z\u00a0Google reklam stratejilerini\u00a0titizlikle planlad\u0131k ve uygulad\u0131k.<\/p>\t\t\t\t<\/div>\n\t\t\t\t<\/div>\n\t\t\t\t<div class=\"elementor-element elementor-element-dbde424 elementor-widget elementor-widget-heading\" data-id=\"dbde424\" data-element_type=\"widget\" data-widget_type=\"heading.default\">\n\t\t\t\t<div class=\"elementor-widget-container\">\n\t\t\t\t\t<p class=\"elementor-heading-title elementor-size-default\">Google Ads  <b>\u2713<\/b> <\/p>\t\t\t\t<\/div>\n\t\t\t\t<\/div>\n\t\t\t\t<div class=\"elementor-element elementor-element-9ef79a2 elementor-align-center elementor-widget elementor-widget-button\" data-id=\"9ef79a2\" data-element_type=\"widget\" data-widget_type=\"button.default\">\n\t\t\t\t<div class=\"elementor-widget-container\">\n\t\t\t\t\t\t\t\t\t<div class=\"elementor-button-wrapper\">\n\t\t\t\t\t<a class=\"elementor-button elementor-button-link elementor-size-sm\" href=\"https:\/\/mostdijital.com\/dijital-sigortacilikta-%900luk-ciro-artisini-nasil-sagladik\/\">\n\t\t\t\t\t\t<span class=\"elementor-button-content-wrapper\">\n\t\t\t\t\t\t\t\t\t<span class=\"elementor-button-text\">Devam\u0131n\u0131 G\u00f6r....<\/span>\n\t\t\t\t\t<\/span>\n\t\t\t\t\t<\/a>\n\t\t\t\t<\/div>\n\t\t\t\t\t\t\t\t<\/div>\n\t\t\t\t<\/div>\n\t\t\t\t<\/div>\n\t\t\t\t\t<\/div>\n\t\t\t\t<\/div>\n\t\t\t\t<\/div>\n\t\t","protected":false},"excerpt":{"rendered":"<p>Ana Sayfa Dijital Sigortac\u0131l\u0131kta %900\u2019l\u00fck Ciro Art\u0131\u015f\u0131n\u0131 Nas\u0131l Sa\u011flad\u0131k? Dijital d\u00fcnyada \u00f6ne \u00e7\u0131kmak yaln\u0131zca do\u011fru stratejilerle fark yaratmakla m\u00fcmk\u00fcn. Bu anlay\u0131\u015fla Sigorta Filozofu markas\u0131 i\u00e7in uygulad\u0131\u011f\u0131m\u0131z\u00a0Google reklam stratejilerini\u00a0titizlikle planlad\u0131k ve uygulad\u0131k. Google Ads \u2713 Devam\u0131n\u0131 G\u00f6r&#8230;.<\/p>\n","protected":false},"author":1,"featured_media":0,"parent":0,"menu_order":0,"comment_status":"closed","ping_status":"closed","template":"","meta":{"om_disable_all_campaigns":false,"_monsterinsights_skip_tracking":false,"_monsterinsights_sitenote_active":false,"_monsterinsights_sitenote_note":"","_monsterinsights_sitenote_category":0,"_uf_show_specific_survey":0,"_uf_disable_surveys":false,"footnotes":""},"class_list":["post-2924","page","type-page","status-publish","hentry"],"_links":{"self":[{"href":"https:\/\/mostdijital.com\/en\/wp-json\/wp\/v2\/pages\/2924","targetHints":{"allow":["GET"]}}],"collection":[{"href":"https:\/\/mostdijital.com\/en\/wp-json\/wp\/v2\/pages"}],"about":[{"href":"https:\/\/mostdijital.com\/en\/wp-json\/wp\/v2\/types\/page"}],"author":[{"embeddable":true,"href":"https:\/\/mostdijital.com\/en\/wp-json\/wp\/v2\/users\/1"}],"replies":[{"embeddable":true,"href":"https:\/\/mostdijital.com\/en\/wp-json\/wp\/v2\/comments?post=2924"}],"version-history":[{"count":0,"href":"https:\/\/mostdijital.com\/en\/wp-json\/wp\/v2\/pages\/2924\/revisions"}],"wp:attachment":[{"href":"https:\/\/mostdijital.com\/en\/wp-json\/wp\/v2\/media?parent=2924"}],"curies":[{"name":"wp","href":"https:\/\/api.w.org\/{rel}","templated":true}]}}